{"id":68,"date":"2022-03-04T16:13:18","date_gmt":"2022-03-04T16:13:18","guid":{"rendered":"https:\/\/www.starostistarosty.cz\/?page_id=68"},"modified":"2022-03-04T16:13:18","modified_gmt":"2022-03-04T16:13:18","slug":"kdo-je-pavel","status":"publish","type":"page","link":"https:\/\/www.starostistarosty.cz\/?page_id=68","title":{"rendered":"Kdo je Pavel"},"content":{"rendered":"\n<figure class=\"wp-block-image size-large\"><img loading=\"lazy\" decoding=\"async\" width=\"1024\" height=\"681\" src=\"http:\/\/www.starostistarosty.cz\/wp-content\/uploads\/2022\/02\/Svoboda-1-1024x681.jpg\" alt=\"\" class=\"wp-image-38\" srcset=\"https:\/\/www.starostistarosty.cz\/wp-content\/uploads\/2022\/02\/Svoboda-1-1024x681.jpg 1024w, https:\/\/www.starostistarosty.cz\/wp-content\/uploads\/2022\/02\/Svoboda-1-300x199.jpg 300w, https:\/\/www.starostistarosty.cz\/wp-content\/uploads\/2022\/02\/Svoboda-1-768x511.jpg 768w, https:\/\/www.starostistarosty.cz\/wp-content\/uploads\/2022\/02\/Svoboda-1-1536x1021.jpg 1536w, https:\/\/www.starostistarosty.cz\/wp-content\/uploads\/2022\/02\/Svoboda-1-2048x1362.jpg 2048w\" sizes=\"auto, (max-width: 1024px) 100vw, 1024px\" \/><\/figure>\n\n\n\n<p>Vystudoval jsem Vysokou \u0161kolu ekonomickou. V\u00edce jak 20 let jsem pracoval v\u00a0mezin\u00e1rodn\u00edch firm\u00e1ch v oblasti IT, bankovnictv\u00ed, managementu. Od b\u0159ezna 2020 pracuji jako starosta st\u0159edo\u010desk\u00e9ho m\u011bsta\u00a0<a href=\"https:\/\/mestodobris.cz\/\">Dob\u0159\u00ed\u0161<\/a>.<br>Samospr\u00e1va a st\u00e1tn\u00ed spr\u00e1va byly a do jist\u00e9 m\u00edry st\u00e1le jsou pro m\u011b nov\u00e9 oblasti. Denn\u011b se u\u010d\u00edm. Impuls\u016f pro tento blog je n\u011bkolik: od n\u00e1stupu do starostovsk\u00e9 \u017eidle p\u00ed\u0161u kr\u00e1tk\u00e9 \u00favahy \u201estarosti starosty\u201c na Facebooku, ale ne v\u0161ichni pou\u017e\u00edvaj\u00ed Facebook. Nav\u00edc grafika je dost omezen\u00e1. Druh\u00fdm d\u016fvodem je, \u017ee m\u00e9 poznatky a post\u0159ehy z Dob\u0159\u00ed\u0161e<br>mohou snad b\u00fdt zaj\u00edmav\u00e9 i pro jin\u00e9 starosty \u010di starostky.\u00a0Po\u0159\u00e1d se pokl\u00e1d\u00e1m za starostu \u2013 \u017e\u00e1ka. V\u011bt\u0161ina starostek a starost\u016f, radn\u00edch,<br>zastupitel\u016f z celkem 6248 obc\u00ed \u010cR m\u00e1 mnohem del\u0161\u00ed a hlub\u0161\u00ed zku\u0161enosti ne\u017e j\u00e1. Poj\u010fme je mezi sebou v\u00edce sd\u00edlet. Budu r\u00e1d za jakoukoli Va\u0161i zp\u011btnou vazbu.<\/p>\n\n\n\n<p>Pavel Svoboda<\/p>\n\n\n\n<p><\/p>\n","protected":false},"excerpt":{"rendered":"<p>Vystudoval jsem Vysokou \u0161kolu ekonomickou. V\u00edce jak 20 let jsem pracoval v\u00a0mezin\u00e1rodn\u00edch firm\u00e1ch v oblasti IT, bankovnictv\u00ed, managementu. Od b\u0159ezna 2020 pracuji jako starosta st\u0159edo\u010desk\u00e9ho m\u011bsta\u00a0Dob\u0159\u00ed\u0161.Samospr\u00e1va a st\u00e1tn\u00ed spr\u00e1va byly a do jist\u00e9 m\u00edry st\u00e1le jsou pro m\u011b nov\u00e9 oblasti. Denn\u011b se u\u010d\u00edm. Impuls\u016f pro tento blog je n\u011bkolik: od n\u00e1stupu do starostovsk\u00e9 \u017eidle p\u00ed\u0161u&hellip; <a class=\"more-link\" href=\"https:\/\/www.starostistarosty.cz\/?page_id=68\">Pokra\u010dovat ve\u00a0\u010dten\u00ed <span class=\"screen-reader-text\">Kdo je Pavel<\/span><\/a><\/p>\n","protected":false},"author":1,"featured_media":0,"parent":0,"menu_order":0,"comment_status":"closed","ping_status":"closed","template":"","meta":{"om_disable_all_campaigns":false,"_monsterinsights_skip_tracking":false,"_monsterinsights_sitenote_active":false,"_monsterinsights_sitenote_note":"","_monsterinsights_sitenote_category":0,"_uf_show_specific_survey":0,"_uf_disable_surveys":false,"footnotes":""},"class_list":["post-68","page","type-page","status-publish","hentry","entry"],"aioseo_notices":[],"_links":{"self":[{"href":"https:\/\/www.starostistarosty.cz\/index.php?rest_route=\/wp\/v2\/pages\/68","targetHints":{"allow":["GET"]}}],"collection":[{"href":"https:\/\/www.starostistarosty.cz\/index.php?rest_route=\/wp\/v2\/pages"}],"about":[{"href":"https:\/\/www.starostistarosty.cz\/index.php?rest_route=\/wp\/v2\/types\/page"}],"author":[{"embeddable":true,"href":"https:\/\/www.starostistarosty.cz\/index.php?rest_route=\/wp\/v2\/users\/1"}],"replies":[{"embeddable":true,"href":"https:\/\/www.starostistarosty.cz\/index.php?rest_route=%2Fwp%2Fv2%2Fcomments&post=68"}],"version-history":[{"count":1,"href":"https:\/\/www.starostistarosty.cz\/index.php?rest_route=\/wp\/v2\/pages\/68\/revisions"}],"predecessor-version":[{"id":69,"href":"https:\/\/www.starostistarosty.cz\/index.php?rest_route=\/wp\/v2\/pages\/68\/revisions\/69"}],"wp:attachment":[{"href":"https:\/\/www.starostistarosty.cz\/index.php?rest_route=%2Fwp%2Fv2%2Fmedia&parent=68"}],"curies":[{"name":"wp","href":"https:\/\/api.w.org\/{rel}","templated":true}]}}